{"id":100551,"date":"2022-11-01T03:20:33","date_gmt":"2022-11-01T03:20:33","guid":{"rendered":"https:\/\/wellnessbeautyerika.com\/blog\/"},"modified":"2024-11-26T17:27:51","modified_gmt":"2024-11-26T17:27:51","slug":"blog","status":"publish","type":"page","link":"https:\/\/wellnessbeautyerika.com\/de\/blog\/","title":{"rendered":"Blog"},"content":{"rendered":"<p>[et_pb_section fb_built=&#8220;1&#8243; _builder_version=&#8220;4.18.0&#8243; _module_preset=&#8220;default&#8220; background_color=&#8220;gcid-77cac542-5d8b-49cc-a7ee-2a084150afcc&#8220; background_enable_image=&#8220;off&#8220; background_size=&#8220;initial&#8220; background_position=&#8220;center_left&#8220; custom_padding=&#8220;0px||0px||true|false&#8220; global_colors_info=&#8220;{%22gcid-77cac542-5d8b-49cc-a7ee-2a084150afcc%22:%91%22background_color%22%93}&#8220;][et_pb_row column_structure=&#8220;1_2,1_2&#8243; make_equal=&#8220;on&#8220; _builder_version=&#8220;4.18.0&#8243; _module_preset=&#8220;default&#8220; width=&#8220;100%&#8220; max_width=&#8220;100%&#8220; custom_padding=&#8220;0px||0px||true|false&#8220; global_colors_info=&#8220;{}&#8220;][et_pb_column type=&#8220;1_2&#8243; _builder_version=&#8220;4.18.0&#8243; _module_preset=&#8220;default&#8220; background_color=&#8220;gcid-607914a3-c41a-4c2b-b049-2b6741356977&#8243; background_enable_image=&#8220;off&#8220; custom_padding=&#8220;75px|75px|40px|75px|false|true&#8220; custom_padding_tablet=&#8220;75px|75px|75px|75px|true|true&#8220; custom_padding_phone=&#8220;35px|35px|35px|35px|true|true&#8220; custom_padding_last_edited=&#8220;on|phone&#8220; global_colors_info=&#8220;{%22gcid-607914a3-c41a-4c2b-b049-2b6741356977%22:%91%22background_color%22%93}&#8220;][et_pb_image src=&#8220;https:\/\/wellnessbeautyerika.com\/wp-content\/uploads\/2024\/11\/Salt-Room.webp&#8220; title_text=&#8220;Salt Room&#8220; align=&#8220;right&#8220; module_class=&#8220;hero-image&#8220; _builder_version=&#8220;4.27.3&#8243; _module_preset=&#8220;default&#8220; z_index=&#8220;2&#8243; width=&#8220;400px&#8220; width_tablet=&#8220;100%&#8220; width_phone=&#8220;&#8220; width_last_edited=&#8220;on|phone&#8220; custom_margin_tablet=&#8220;|0px||0px|false|false&#8220; custom_margin_phone=&#8220;|0px||0px|false|false&#8220; custom_margin_last_edited=&#8220;on|phone&#8220; animation_style=&#8220;slide&#8220; animation_direction=&#8220;right&#8220; animation_intensity_slide=&#8220;15%&#8220; animation_starting_opacity=&#8220;100%&#8220; border_width_all=&#8220;10px&#8220; border_color_all=&#8220;#FFFFFF&#8220; box_shadow_style=&#8220;preset1&#8243; box_shadow_blur=&#8220;35px&#8220; box_shadow_color=&#8220;rgba(0,0,0,0.2)&#8220; global_colors_info=&#8220;{}&#8220;][\/et_pb_image][et_pb_image src=&#8220;https:\/\/wellnessbeautyerika.com\/wp-content\/uploads\/2024\/11\/Blog-2.webp&#8220; title_text=&#8220;Blog 2&#8243; align=&#8220;right&#8220; disabled_on=&#8220;on|on|off&#8220; module_class=&#8220;hero-image&#8220; _builder_version=&#8220;4.27.4&#8243; _module_preset=&#8220;default&#8220; positioning=&#8220;absolute&#8220; position_origin_a=&#8220;bottom_right&#8220; vertical_offset=&#8220;-46px&#8220; horizontal_offset=&#8220;388px&#8220; width=&#8220;35%&#8220; custom_margin_tablet=&#8220;|0px||0px|false|false&#8220; custom_margin_phone=&#8220;|0px||0px|false|false&#8220; custom_margin_last_edited=&#8220;on|tablet&#8220; animation_style=&#8220;slide&#8220; animation_direction=&#8220;left&#8220; animation_intensity_slide=&#8220;15%&#8220; animation_starting_opacity=&#8220;100%&#8220; hover_enabled=&#8220;0&#8243; border_width_all=&#8220;10px&#8220; border_color_all=&#8220;#FFFFFF&#8220; box_shadow_style=&#8220;preset1&#8243; box_shadow_blur=&#8220;35px&#8220; box_shadow_color=&#8220;rgba(0,0,0,0.2)&#8220; global_colors_info=&#8220;{}&#8220; sticky_enabled=&#8220;0&#8243;][\/et_pb_image][\/et_pb_column][et_pb_column type=&#8220;1_2&#8243; module_class=&#8220;hero-column-2&#8243; _builder_version=&#8220;4.18.0&#8243; _module_preset=&#8220;default&#8220; custom_padding=&#8220;120px||100px||false|false&#8220; custom_padding_tablet=&#8220;75px|75px|75px|75px|false|false&#8220; custom_padding_phone=&#8220;35px|35px|35px|35px|false|false&#8220; custom_padding_last_edited=&#8220;on|desktop&#8220; global_colors_info=&#8220;{}&#8220;][et_pb_text _builder_version=&#8220;4.18.0&#8243; _module_preset=&#8220;default&#8220; text_font=&#8220;Herr Von Muellerhoff||||||||&#8220; text_text_color=&#8220;gcid-1b78aa34-1fc7-47b1-8c8b-84d89ef44e83&#8243; text_font_size=&#8220;40px&#8220; custom_margin=&#8220;||0px||false|false&#8220; custom_margin_tablet=&#8220;||20px||false|false&#8220; custom_margin_phone=&#8220;||10px||false|false&#8220; custom_margin_last_edited=&#8220;on|phone&#8220; text_font_size_tablet=&#8220;54px&#8220; text_font_size_phone=&#8220;36px&#8220; text_font_size_last_edited=&#8220;on|phone&#8220; global_colors_info=&#8220;{%22gcid-1b78aa34-1fc7-47b1-8c8b-84d89ef44e83%22:%91%22text_text_color%22%93}&#8220;]<\/p>\n<p>Artikel<\/p>\n<p>[\/et_pb_text][et_pb_text module_class=&#8220;clara-title title-desc-600&#8243; _builder_version=&#8220;4.27.4&#8243; _module_preset=&#8220;default&#8220; width=&#8220;600px&#8220; width_tablet=&#8220;100%&#8220; width_phone=&#8220;100%&#8220; width_last_edited=&#8220;on|tablet&#8220; header_font_size_tablet=&#8220;&#8220; header_font_size_phone=&#8220;28px&#8220; header_font_size_last_edited=&#8220;on|phone&#8220; global_colors_info=&#8220;{}&#8220;]<\/p>\n<h1>Willkommen im Blog von Wellness Beauty Erika<\/h1>\n<p>[\/et_pb_text][et_pb_text module_class=&#8220;title-desc-600&#8243; _builder_version=&#8220;4.27.4&#8243; _module_preset=&#8220;default&#8220; width=&#8220;600px&#8220; width_tablet=&#8220;100%&#8220; width_phone=&#8220;100%&#8220; width_last_edited=&#8220;on|tablet&#8220; global_colors_info=&#8220;{}&#8220;]<\/p>\n<p>Tauche ein in die Welt des Wohlbefindens und der Sch\u00f6nheit mit unserem Blog, der dir gewidmet ist. Hier findest du informative Artikel, praktische Tipps und die neuesten Nachrichten zu \u00e4sthetischen Behandlungen, entspannenden Massagen, ganzheitlichen Techniken und vielem mehr. Ob du nach Vorschl\u00e4gen suchst, um dein inneres Gleichgewicht zu verbessern, neue Sch\u00f6nheitsrituale zu entdecken oder dir einfach eine entspannende Pause zu g\u00f6nnen, unser Blog ist der ideale Ort. Begleite uns auf dieser Reise zu einem ges\u00fcnderen, harmonischeren und strahlenderen Leben.   <\/p>\n<p>&nbsp;<\/p>\n<p>[\/et_pb_text][\/et_pb_column][\/et_pb_row][\/et_pb_section][et_pb_section fb_built=&#8220;1&#8243; custom_padding_last_edited=&#8220;on|tablet&#8220; _builder_version=&#8220;4.18.0&#8243; _module_preset=&#8220;default&#8220; custom_padding_tablet=&#8220;||0px||false|false&#8220; custom_padding_phone=&#8220;||0px||false|false&#8220; global_colors_info=&#8220;{}&#8220;][et_pb_row column_structure=&#8220;1_3,1_3,1_3&#8243; _builder_version=&#8220;4.27.3&#8243; _module_preset=&#8220;default&#8220; global_colors_info=&#8220;{}&#8220;][et_pb_column type=&#8220;1_3&#8243; _builder_version=&#8220;4.27.3&#8243; _module_preset=&#8220;default&#8220; global_colors_info=&#8220;{}&#8220;][et_pb_text _builder_version=&#8220;4.27.3&#8243; _module_preset=&#8220;default&#8220; link_option_url=&#8220;https:\/\/wellnessbeautyerika.com\/benessere-e-relax-quotidiano\/&#8220; global_colors_info=&#8220;{}&#8220;]<\/p>\n<h2 style=\"text-align: center;\"><strong>T\u00e4gliches Wohlbefinden und Entspannung<\/strong><\/h2>\n<p>[\/et_pb_text][et_pb_image src=&#8220;https:\/\/wellnessbeautyerika.com\/wp-content\/uploads\/2024\/11\/Benessere-e-Relax-Quotidiano-.webp&#8220; title_text=&#8220;T\u00e4gliches Wohlbefinden und Entspannung&#8220; url=&#8220;https:\/\/wellnessbeautyerika.com\/benessere-e-relax-quotidiano\/&#8220; align=&#8220;right&#8220; module_class=&#8220;hero-image&#8220; _builder_version=&#8220;4.27.3&#8243; _module_preset=&#8220;default&#8220; z_index=&#8220;2&#8243; width=&#8220;400px&#8220; width_tablet=&#8220;100%&#8220; width_phone=&#8220;&#8220; width_last_edited=&#8220;on|phone&#8220; custom_margin_tablet=&#8220;|0px||0px|false|false&#8220; custom_margin_phone=&#8220;|0px||0px|false|false&#8220; custom_margin_last_edited=&#8220;on|phone&#8220; animation_style=&#8220;slide&#8220; animation_direction=&#8220;right&#8220; animation_intensity_slide=&#8220;15%&#8220; animation_starting_opacity=&#8220;100%&#8220; border_width_all=&#8220;10px&#8220; border_color_all=&#8220;#FFFFFF&#8220; box_shadow_style=&#8220;preset1&#8243; box_shadow_blur=&#8220;35px&#8220; box_shadow_color=&#8220;rgba(0,0,0,0.2)&#8220; global_colors_info=&#8220;{}&#8220;][\/et_pb_image][\/et_pb_column][et_pb_column type=&#8220;1_3&#8243; _builder_version=&#8220;4.27.3&#8243; _module_preset=&#8220;default&#8220; global_colors_info=&#8220;{}&#8220;][et_pb_text _builder_version=&#8220;4.27.3&#8243; _module_preset=&#8220;default&#8220; link_option_url=&#8220;https:\/\/wellnessbeautyerika.com\/consigli-di-bellezzae-self-care\/&#8220; global_colors_info=&#8220;{}&#8220;]<\/p>\n<h2 style=\"text-align: center;\"><strong>Beauty- und Selfcare-Tipps<\/strong><\/h2>\n<p>[\/et_pb_text][et_pb_image src=&#8220;https:\/\/wellnessbeautyerika.com\/wp-content\/uploads\/2024\/11\/Consigli-di-Bellezza-e-di-Selfcare-1.webp&#8220; title_text=&#8220;Beauty- und Selfcare-Tipps 1&#8243; url=&#8220;https:\/\/wellnessbeautyerika.com\/consigli-di-bellezzae-self-care\/&#8220; align=&#8220;right&#8220; module_class=&#8220;hero-image&#8220; _builder_version=&#8220;4.27.3&#8243; _module_preset=&#8220;default&#8220; z_index=&#8220;2&#8243; width=&#8220;400px&#8220; width_tablet=&#8220;100%&#8220; width_phone=&#8220;&#8220; width_last_edited=&#8220;on|phone&#8220; custom_margin_tablet=&#8220;|0px||0px|false|false&#8220; custom_margin_phone=&#8220;|0px||0px|false|false&#8220; custom_margin_last_edited=&#8220;on|phone&#8220; animation_style=&#8220;slide&#8220; animation_direction=&#8220;right&#8220; animation_intensity_slide=&#8220;15%&#8220; animation_starting_opacity=&#8220;100%&#8220; border_width_all=&#8220;10px&#8220; border_color_all=&#8220;#FFFFFF&#8220; box_shadow_style=&#8220;preset1&#8243; box_shadow_blur=&#8220;35px&#8220; box_shadow_color=&#8220;rgba(0,0,0,0.2)&#8220; global_colors_info=&#8220;{}&#8220;][\/et_pb_image][\/et_pb_column][et_pb_column type=&#8220;1_3&#8243; _builder_version=&#8220;4.27.3&#8243; _module_preset=&#8220;default&#8220; global_colors_info=&#8220;{}&#8220;][et_pb_text _builder_version=&#8220;4.27.3&#8243; _module_preset=&#8220;default&#8220; link_option_url=&#8220;https:\/\/wellnessbeautyerika.com\/massaggi-e-trattamenti-corpo\/&#8220; global_colors_info=&#8220;{}&#8220;]<\/p>\n<h2 style=\"text-align: center;\"><strong>Massagen und K\u00f6rperbehandlungen<\/strong><\/h2>\n<p>[\/et_pb_text][et_pb_image src=&#8220;https:\/\/wellnessbeautyerika.com\/wp-content\/uploads\/2024\/11\/Massaggi-1.webp&#8220; title_text=&#8220;Massaggi 1&#8243; url=&#8220;https:\/\/wellnessbeautyerika.com\/massaggi-e-trattamenti-corpo\/&#8220; align=&#8220;right&#8220; module_class=&#8220;hero-image&#8220; _builder_version=&#8220;4.27.3&#8243; _module_preset=&#8220;default&#8220; z_index=&#8220;2&#8243; width=&#8220;400px&#8220; width_tablet=&#8220;100%&#8220; width_phone=&#8220;&#8220; width_last_edited=&#8220;on|phone&#8220; custom_margin_tablet=&#8220;|0px||0px|false|false&#8220; custom_margin_phone=&#8220;|0px||0px|false|false&#8220; custom_margin_last_edited=&#8220;on|phone&#8220; animation_style=&#8220;slide&#8220; animation_direction=&#8220;right&#8220; animation_intensity_slide=&#8220;15%&#8220; animation_starting_opacity=&#8220;100%&#8220; border_width_all=&#8220;10px&#8220; border_color_all=&#8220;#FFFFFF&#8220; box_shadow_style=&#8220;preset1&#8243; box_shadow_blur=&#8220;35px&#8220; box_shadow_color=&#8220;rgba(0,0,0,0.2)&#8220; global_colors_info=&#8220;{}&#8220;][\/et_pb_image][\/et_pb_column][\/et_pb_row][et_pb_row column_structure=&#8220;1_3,1_3,1_3&#8243; _builder_version=&#8220;4.27.3&#8243; _module_preset=&#8220;default&#8220; global_colors_info=&#8220;{}&#8220;][et_pb_column type=&#8220;1_3&#8243; _builder_version=&#8220;4.27.3&#8243; _module_preset=&#8220;default&#8220; global_colors_info=&#8220;{}&#8220;][et_pb_text _builder_version=&#8220;4.27.3&#8243; _module_preset=&#8220;default&#8220; link_option_url=&#8220;https:\/\/wellnessbeautyerika.com\/skincare-e-trattamenti-viso\/&#8220; global_colors_info=&#8220;{}&#8220;]<\/p>\n<h2 style=\"text-align: center;\"><strong>Skincare und Gesichtsbehandlungen<\/strong><\/h2>\n<p>[\/et_pb_text][et_pb_image src=&#8220;https:\/\/wellnessbeautyerika.com\/wp-content\/uploads\/2024\/11\/SkinCare-1.webp&#8220; title_text=&#8220;SkinCare 1&#8243; url=&#8220;https:\/\/wellnessbeautyerika.com\/skincare-e-trattamenti-viso\/&#8220; align=&#8220;right&#8220; module_class=&#8220;hero-image&#8220; _builder_version=&#8220;4.27.3&#8243; _module_preset=&#8220;default&#8220; z_index=&#8220;2&#8243; width=&#8220;400px&#8220; width_tablet=&#8220;100%&#8220; width_phone=&#8220;&#8220; width_last_edited=&#8220;on|phone&#8220; custom_margin_tablet=&#8220;|0px||0px|false|false&#8220; custom_margin_phone=&#8220;|0px||0px|false|false&#8220; custom_margin_last_edited=&#8220;on|phone&#8220; custom_padding=&#8220;29px||||false|false&#8220; animation_style=&#8220;slide&#8220; animation_direction=&#8220;right&#8220; animation_intensity_slide=&#8220;15%&#8220; animation_starting_opacity=&#8220;100%&#8220; border_width_all=&#8220;10px&#8220; border_color_all=&#8220;#FFFFFF&#8220; box_shadow_style=&#8220;preset1&#8243; box_shadow_blur=&#8220;35px&#8220; box_shadow_color=&#8220;rgba(0,0,0,0.2)&#8220; global_colors_info=&#8220;{}&#8220;][\/et_pb_image][\/et_pb_column][et_pb_column type=&#8220;1_3&#8243; _builder_version=&#8220;4.27.3&#8243; _module_preset=&#8220;default&#8220; global_colors_info=&#8220;{}&#8220;][et_pb_text _builder_version=&#8220;4.27.3&#8243; _module_preset=&#8220;default&#8220; link_option_url=&#8220;https:\/\/wellnessbeautyerika.com\/innovazione-e-tecnologie-estetiche\/&#8220; global_colors_info=&#8220;{}&#8220;]<\/p>\n<h2 style=\"text-align: center;\"><strong>Innovation und \u00c4sthetische Technologien<\/strong><\/h2>\n<p>[\/et_pb_text][et_pb_image src=&#8220;https:\/\/wellnessbeautyerika.com\/wp-content\/uploads\/2024\/11\/Innovazione-e-Cosmetica-1.webp&#8220; title_text=&#8220;Innovation und Kosmetik 1&#8243; url=&#8220;https:\/\/wellnessbeautyerika.com\/innovazione-e-tecnologie-estetiche\/&#8220; align=&#8220;right&#8220; module_class=&#8220;hero-image&#8220; _builder_version=&#8220;4.27.3&#8243; _module_preset=&#8220;default&#8220; z_index=&#8220;2&#8243; width=&#8220;400px&#8220; width_tablet=&#8220;100%&#8220; width_phone=&#8220;&#8220; width_last_edited=&#8220;on|phone&#8220; custom_margin_tablet=&#8220;|0px||0px|false|false&#8220; custom_margin_phone=&#8220;|0px||0px|false|false&#8220; custom_margin_last_edited=&#8220;on|phone&#8220; custom_padding=&#8220;||||false|false&#8220; animation_style=&#8220;slide&#8220; animation_direction=&#8220;right&#8220; animation_intensity_slide=&#8220;15%&#8220; animation_starting_opacity=&#8220;100%&#8220; border_width_all=&#8220;10px&#8220; border_color_all=&#8220;#FFFFFF&#8220; box_shadow_style=&#8220;preset1&#8243; box_shadow_blur=&#8220;35px&#8220; box_shadow_color=&#8220;rgba(0,0,0,0.2)&#8220; global_colors_info=&#8220;{}&#8220;][\/et_pb_image][\/et_pb_column][et_pb_column type=&#8220;1_3&#8243; _builder_version=&#8220;4.27.3&#8243; _module_preset=&#8220;default&#8220; global_colors_info=&#8220;{}&#8220;][et_pb_text _builder_version=&#8220;4.27.3&#8243; _module_preset=&#8220;default&#8220; link_option_url=&#8220;https:\/\/wellnessbeautyerika.com\/destinazioni-di-relax-e-spa\/&#8220; global_colors_info=&#8220;{}&#8220;]<\/p>\n<h2 style=\"text-align: center;\"><strong>Entspannungs- und Spa-Destinationen<\/strong><\/h2>\n<p>[\/et_pb_text][et_pb_image src=&#8220;https:\/\/wellnessbeautyerika.com\/wp-content\/uploads\/2024\/11\/Destinazioni1-.webp&#8220; title_text=&#8220;Destinationen 1&#8243; url=&#8220;https:\/\/wellnessbeautyerika.com\/destinazioni-di-relax-e-spa\/&#8220; align=&#8220;right&#8220; module_class=&#8220;hero-image&#8220; _builder_version=&#8220;4.27.3&#8243; _module_preset=&#8220;default&#8220; z_index=&#8220;2&#8243; width=&#8220;400px&#8220; width_tablet=&#8220;100%&#8220; width_phone=&#8220;&#8220; width_last_edited=&#8220;on|phone&#8220; custom_margin_tablet=&#8220;|0px||0px|false|false&#8220; custom_margin_phone=&#8220;|0px||0px|false|false&#8220; custom_margin_last_edited=&#8220;on|phone&#8220; custom_padding=&#8220;29px||||false|false&#8220; animation_style=&#8220;slide&#8220; animation_direction=&#8220;right&#8220; animation_intensity_slide=&#8220;15%&#8220; animation_starting_opacity=&#8220;100%&#8220; border_width_all=&#8220;10px&#8220; border_color_all=&#8220;#FFFFFF&#8220; box_shadow_style=&#8220;preset1&#8243; box_shadow_blur=&#8220;35px&#8220; box_shadow_color=&#8220;rgba(0,0,0,0.2)&#8220; global_colors_info=&#8220;{}&#8220;][\/et_pb_image][\/et_pb_column][\/et_pb_row][et_pb_row column_structure=&#8220;2_3,1_3&#8243; _builder_version=&#8220;4.18.0&#8243; _module_preset=&#8220;default&#8220; global_colors_info=&#8220;{}&#8220;][et_pb_column type=&#8220;2_3&#8243; _builder_version=&#8220;4.18.0&#8243; _module_preset=&#8220;default&#8220; global_colors_info=&#8220;{}&#8220;][et_pb_blog posts_number=&#8220;3&#8243; use_manual_excerpt=&#8220;off&#8220; excerpt_length=&#8220;70&#8243; show_more=&#8220;on&#8220; show_pagination=&#8220;off&#8220; _builder_version=&#8220;4.18.0&#8243; _module_preset=&#8220;default&#8220; header_font=&#8220;|600|||||||&#8220; header_text_align=&#8220;center&#8220; header_font_size=&#8220;24px&#8220; body_font_size=&#8220;12px&#8220; body_line_height=&#8220;1.6em&#8220; meta_text_align=&#8220;center&#8220; meta_text_color=&#8220;gcid-1b78aa34-1fc7-47b1-8c8b-84d89ef44e83&#8243; meta_font_size=&#8220;13px&#8220; read_more_font=&#8220;|600||on|||||&#8220; read_more_text_color=&#8220;gcid-1b78aa34-1fc7-47b1-8c8b-84d89ef44e83&#8243; text_orientation=&#8220;center&#8220; custom_css_content=&#8220;padding-top: 10px;&#8220; custom_css_read_more=&#8220;margin-top:10px !important;||display: block;||&#8220; border_width_all=&#8220;11px&#8220; border_color_all=&#8220;gcid-77cac542-5d8b-49cc-a7ee-2a084150afcc&#8220; global_colors_info=&#8220;{%22gcid-1b78aa34-1fc7-47b1-8c8b-84d89ef44e83%22:%91%22meta_text_color%22,%22read_more_text_color%22%93,%22gcid-77cac542-5d8b-49cc-a7ee-2a084150afcc%22:%91%22border_color_all%22%93}&#8220;][\/et_pb_blog][\/et_pb_column][et_pb_column type=&#8220;1_3&#8243; _builder_version=&#8220;4.18.0&#8243; _module_preset=&#8220;default&#8220; global_colors_info=&#8220;{}&#8220;][et_pb_sidebar orientation=&#8220;right&#8220; module_class=&#8220;blog-sidebar&#8220; _builder_version=&#8220;4.18.0&#8243; _module_preset=&#8220;default&#8220; global_colors_info=&#8220;{}&#8220;][\/et_pb_sidebar][\/et_pb_column][\/et_pb_row][\/et_pb_section]<\/p>\n","protected":false},"excerpt":{"rendered":"<p>ArtikelWillkommen im Blog von Wellness Beauty ErikaTauche ein in die Welt des Wohlbefindens und der Sch\u00f6nheit mit unserem Blog, der dir gewidmet ist. Hier findest du informative Artikel, praktische Tipps und die neuesten Nachrichten zu \u00e4sthetischen Behandlungen, entspannenden Massagen, ganzheitlichen Techniken und vielem mehr. Ob du nach Vorschl\u00e4gen suchst, um dein inneres Gleichgewicht zu verbessern, [&hellip;]<\/p>\n","protected":false},"author":1,"featured_media":0,"parent":0,"menu_order":0,"comment_status":"closed","ping_status":"closed","template":"","meta":{"_et_pb_use_builder":"on","_et_pb_old_content":"","_et_gb_content_width":"","om_disable_all_campaigns":false,"jetpack_post_was_ever_published":false,"footnotes":""},"class_list":["post-100551","page","type-page","status-publish","hentry"],"jetpack_sharing_enabled":true,"_links":{"self":[{"href":"https:\/\/wellnessbeautyerika.com\/de\/wp-json\/wp\/v2\/pages\/100551","targetHints":{"allow":["GET"]}}],"collection":[{"href":"https:\/\/wellnessbeautyerika.com\/de\/wp-json\/wp\/v2\/pages"}],"about":[{"href":"https:\/\/wellnessbeautyerika.com\/de\/wp-json\/wp\/v2\/types\/page"}],"author":[{"embeddable":true,"href":"https:\/\/wellnessbeautyerika.com\/de\/wp-json\/wp\/v2\/users\/1"}],"replies":[{"embeddable":true,"href":"https:\/\/wellnessbeautyerika.com\/de\/wp-json\/wp\/v2\/comments?post=100551"}],"version-history":[{"count":2,"href":"https:\/\/wellnessbeautyerika.com\/de\/wp-json\/wp\/v2\/pages\/100551\/revisions"}],"predecessor-version":[{"id":100553,"href":"https:\/\/wellnessbeautyerika.com\/de\/wp-json\/wp\/v2\/pages\/100551\/revisions\/100553"}],"wp:attachment":[{"href":"https:\/\/wellnessbeautyerika.com\/de\/wp-json\/wp\/v2\/media?parent=100551"}],"curies":[{"name":"wp","href":"https:\/\/api.w.org\/{rel}","templated":true}]}}